{"id":538,"date":"2020-08-31T22:54:47","date_gmt":"2020-08-31T20:54:47","guid":{"rendered":"https:\/\/www.latouchedupeintre.fr\/?page_id=538"},"modified":"2020-08-31T22:54:47","modified_gmt":"2020-08-31T20:54:47","slug":"mentions-legales","status":"publish","type":"page","link":"https:\/\/www.latouchedupeintre.fr\/en\/mentions-legales\/","title":{"rendered":"Legal notice"},"content":{"rendered":"<ol>\n<li><span style=\"font-weight: 400;\"> Pr\u00e9sentation du site.<\/span><\/li>\n<\/ol>\n<p><span style=\"font-weight: 400;\">En vertu de l\u2019article 6 de la loi n\u00b0 2004-575 du 21 juin 2004 pour la confiance dans l\u2019\u00e9conomie num\u00e9rique, il est pr\u00e9cis\u00e9 aux utilisateurs du site www.latouchedupeintre.fr l\u2019identit\u00e9 des diff\u00e9rents intervenants dans le cadre de sa r\u00e9alisation et de son suivi :<\/span><\/p>\n<p><span style=\"font-weight: 400;\">Propri\u00e9taire : Jacques Bert\u00e9<\/span><\/p>\n<p><span style=\"font-weight: 400;\">Email : &#x63;&#x6f;&#x6e;&#x74;&#x61;&#x63;&#x74;&#x40;&#108;&#97;&#116;&#111;&#117;&#99;&#104;edup&#x65;&#x69;&#x6e;&#x74;&#x72;&#x65;&#x2e;&#x66;&#x72;<\/span><\/p>\n<p><span style=\"font-weight: 400;\">Responsable publication : Jacques Bert\u00e9<\/span><\/p>\n<p><span style=\"font-weight: 400;\">R\u00e9alisation site Internet : <\/span><a href=\"http:\/\/www.ark-identity.com\"><span style=\"font-weight: 400;\">www.ark-identity.com<\/span><\/a><\/p>\n<p><span style=\"font-weight: 400;\">H\u00e9bergeur : OVH \u2013 2 rue Kellermann \u2013 59100 Roubaix \u2013 France<\/span><\/p>\n<p>&nbsp;<\/p>\n<ol start=\"2\">\n<li><span style=\"font-weight: 400;\"> Conditions g\u00e9n\u00e9rales d\u2019utilisation du site et des services propos\u00e9s.<\/span><\/li>\n<\/ol>\n<p><span style=\"font-weight: 400;\">L\u2019utilisation du site www.latouchedupeintre.fr implique l\u2019acceptation des conditions g\u00e9n\u00e9rales d\u2019utilisation ci-apr\u00e8s d\u00e9crites. Ces conditions d\u2019utilisation sont susceptibles d\u2019\u00eatre modifi\u00e9es ou compl\u00e9t\u00e9es \u00e0 tout moment, les utilisateurs du site www.latouchedupeintre.fr sont donc invit\u00e9s \u00e0 les consulter de mani\u00e8re r\u00e9guli\u00e8re. Ce site est normalement accessible \u00e0 tout moment aux utilisateurs. Une interruption pour raison de maintenance technique peut \u00eatre toutefois d\u00e9cid\u00e9e par Jacques Bert\u00e9.<\/span><\/p>\n<p><span style=\"font-weight: 400;\">Le site www.latouchedupeintre.fr est mis \u00e0 jour r\u00e9guli\u00e8rement par Jacques Bert\u00e9. Les mentions l\u00e9gales peuvent \u00eatre modifi\u00e9es \u00e0 tout moment : elles s\u2019imposent n\u00e9anmoins \u00e0 l\u2019utilisateur qui est invit\u00e9 \u00e0 s\u2019y r\u00e9f\u00e9rer le plus souvent possible afin d\u2019en prendre connaissance.<\/span><\/p>\n<p>&nbsp;<\/p>\n<ol start=\"3\">\n<li><span style=\"font-weight: 400;\"> Description des services fournis.<\/span><\/li>\n<\/ol>\n<p><span style=\"font-weight: 400;\">Le site www.latouchedupeintre.fr a pour objet de fournir une information aussi pr\u00e9cise que possible concernant l\u2019ensemble des activit\u00e9s de la soci\u00e9t\u00e9. Toutefois, elle ne pourra \u00eatre tenue responsable des omissions, des inexactitudes et des carences dans la mise \u00e0 jour, qu\u2019elles soient de son fait ou du fait des tiers partenaires qui lui fournissent ces informations.<\/span><\/p>\n<p><span style=\"font-weight: 400;\">Tous les informations indiqu\u00e9es sur le site www.latouchedupeintre.fr sont donn\u00e9es \u00e0 titre indicatif et sont susceptibles d\u2019\u00e9voluer. Par ailleurs, les renseignements figurant sur le site www.latouchedupeintre.fr ne sont pas exhaustifs. Ils sont donn\u00e9s sous r\u00e9serve de modifications ayant \u00e9t\u00e9 apport\u00e9es depuis leur mise en ligne.<\/span><\/p>\n<p>&nbsp;<\/p>\n<ol start=\"4\">\n<li><span style=\"font-weight: 400;\"> Limitations contractuelles sur les donn\u00e9es techniques.<\/span><\/li>\n<\/ol>\n<p><span style=\"font-weight: 400;\">Le site utilise la technologie JavaScript. Le site Internet ne pourra \u00eatre tenu responsable de dommages mat\u00e9riels li\u00e9s \u00e0 son utilisation. De plus, l\u2019utilisateur du site s\u2019engage \u00e0 y acc\u00e9der en utilisant un mat\u00e9riel r\u00e9cent, ne contenant pas de virus et avec un navigateur de derni\u00e8re g\u00e9n\u00e9ration mis-\u00e0-jour.<\/span><\/p>\n<p>&nbsp;<\/p>\n<ol start=\"5\">\n<li><span style=\"font-weight: 400;\"> Propri\u00e9t\u00e9 intellectuelle et contrefa\u00e7ons.<\/span><\/li>\n<\/ol>\n<p><span style=\"font-weight: 400;\">Jacques Bert\u00e9 est propri\u00e9taire des droits de propri\u00e9t\u00e9 intellectuelle et d\u00e9tient les droits d\u2019usage sur tous les \u00e9l\u00e9ments accessibles sur le site, notamment les textes, images, graphismes, logo.<\/span><\/p>\n<p><span style=\"font-weight: 400;\">Toute reproduction, repr\u00e9sentation, modification, publication, adaptation de tout ou partie des \u00e9l\u00e9ments du site est interdite, sauf autorisation \u00e9crite pr\u00e9alable de : Jacques Bert\u00e9. Toute exploitation non autoris\u00e9e du site ou de l\u2019un quelconque des \u00e9l\u00e9ments qu\u2019il contient sera consid\u00e9r\u00e9e comme constitutive d\u2019une contrefa\u00e7on et poursuivie conform\u00e9ment aux dispositions des articles L.335-2 et suivants du Code de Propri\u00e9t\u00e9 Intellectuelle.<\/span><\/p>\n<p>&nbsp;<\/p>\n<ol start=\"6\">\n<li><span style=\"font-weight: 400;\"> Limitations de responsabilit\u00e9.<\/span><\/li>\n<\/ol>\n<p><span style=\"font-weight: 400;\">Jacques Bert\u00e9 ne pourra \u00eatre tenue responsable des dommages directs et indirects caus\u00e9s au mat\u00e9riel de l\u2019utilisateur, lors de l\u2019acc\u00e8s au site, Jacques Bert\u00e9 et r\u00e9sultant soit de l\u2019utilisation d\u2019un mat\u00e9riel ne r\u00e9pondant pas aux sp\u00e9cifications indiqu\u00e9es au point 4, soit de l\u2019apparition d\u2019un bug ou d\u2019une incompatibilit\u00e9.<\/span><\/p>\n<p><span style=\"font-weight: 400;\">Des espaces interactifs (possibilit\u00e9 de poser des questions dans l\u2019espace contact) sont \u00e0 la disposition des utilisateurs. Jacques Bert\u00e9 se r\u00e9serve le droit de supprimer, sans mise en demeure pr\u00e9alable, tout contenu d\u00e9pos\u00e9 dans cet espace qui contreviendrait \u00e0 la l\u00e9gislation applicable en France, en particulier aux dispositions relatives \u00e0 la protection des donn\u00e9es. Le cas \u00e9ch\u00e9ant, Jacques Bert\u00e9 se r\u00e9serve \u00e9galement la possibilit\u00e9 de mettre en cause la responsabilit\u00e9 civile et\/ou p\u00e9nale de l\u2019utilisateur, notamment en cas de message \u00e0 caract\u00e8re raciste, injurieux, diffamant, ou pornographique, quel que soit le support utilis\u00e9 (texte, photographie\u2026).<\/span><\/p>\n<p>&nbsp;<\/p>\n<ol start=\"7\">\n<li><span style=\"font-weight: 400;\"> Gestion des donn\u00e9es personnelles.<\/span><\/li>\n<\/ol>\n<p><span style=\"font-weight: 400;\">En France, les donn\u00e9es personnelles sont notamment prot\u00e9g\u00e9es par la loi n\u00b0 78-87 du 6 janvier 1978, la loi n\u00b0 2004-801 du 6 ao\u00fbt 2004, l\u2019article L. 226-13 du Code p\u00e9nal et la Directive Europ\u00e9enne du 24 octobre 1995. A l\u2019occasion de l\u2019utilisation du site www.latouchedupeintre.fr , peuvent \u00eatre recueillies : l\u2019URL des liens par l\u2019interm\u00e9diaire desquels l\u2019utilisateur a acc\u00e9d\u00e9 \u00e0 ce site , le fournisseur d\u2019acc\u00e8s de l\u2019utilisateur, l\u2019adresse de protocole Internet (IP) de l\u2019utilisateur.<\/span><\/p>\n<p><span style=\"font-weight: 400;\">En tout \u00e9tat de cause Jacques Bert\u00e9 ne collecte des informations personnelles relatives \u00e0 l\u2019utilisateur que pour le besoin de certains services propos\u00e9s par le site www.latouchedupeintre.fr . L\u2019utilisateur fournit ces informations en toute connaissance de cause, notamment lorsqu\u2019il proc\u00e8de \u00e0 leur saisie. Il est alors pr\u00e9cis\u00e9 \u00e0 l\u2019utilisateur du site www.latouchedupeintre.fr l\u2019obligation ou non de fournir ces informations.<\/span><\/p>\n<p><span style=\"font-weight: 400;\">Conform\u00e9ment aux dispositions des articles 38 et suivants de la loi 78-17 du 6 janvier 1978 relative \u00e0 l\u2019informatique, aux fichiers et aux libert\u00e9s, tout utilisateur dispose d\u2019un droit d\u2019acc\u00e8s, de rectification et d\u2019opposition aux donn\u00e9es personnelles le concernant, en effectuant sa demande \u00e9crite et sign\u00e9e, accompagn\u00e9e d\u2019une copie du titre d\u2019identit\u00e9 avec signature du titulaire de la pi\u00e8ce, en pr\u00e9cisant l\u2019adresse \u00e0 laquelle la r\u00e9ponse doit \u00eatre envoy\u00e9e.<\/span><\/p>\n<p><span style=\"font-weight: 400;\">Aucune information personnelle de l\u2019utilisateur du site www.latouchedupeintre.fr n\u2019est publi\u00e9e \u00e0 l\u2019insu de l\u2019utilisateur, \u00e9chang\u00e9e, transf\u00e9r\u00e9e, c\u00e9d\u00e9e ou vendue sur un support quelconque \u00e0 des tiers. Le site www.latouchedupeintre.fr n\u2019est pas d\u00e9clar\u00e9 \u00e0 la CNIL car il ne recueille pas d\u2019informations personnelles mais respecte la nouvelle r\u00e9glementation RGPD. Les bases de donn\u00e9es sont prot\u00e9g\u00e9es par les dispositions de la loi du 1er juillet 1998 transposant la directive 96\/9 du 11 mars 1996 relative \u00e0 la protection juridique des bases de donn\u00e9es.<\/span><\/p>\n<p>&nbsp;<\/p>\n<ol start=\"8\">\n<li><span style=\"font-weight: 400;\"> Liens hypertextes et cookies.<\/span><\/li>\n<\/ol>\n<p><span style=\"font-weight: 400;\">Le site www.latouchedupeintre.fr contient des liens hypertextes vers d\u2019autres sites, mis en place avec l\u2019autorisation de Jacques Bert\u00e9. Cependant, Jacques Bert\u00e9 n\u2019a pas la possibilit\u00e9 de v\u00e9rifier le contenu des sites ainsi visit\u00e9s, et n\u2019assumera en cons\u00e9quence aucune responsabilit\u00e9 de ce fait.<\/span><\/p>\n<p><span style=\"font-weight: 400;\">La navigation sur le site www.latouchedupeintre.fr est susceptible de provoquer l\u2019installation de cookie(s) sur l\u2019ordinateur de l\u2019utilisateur. Un cookie est un fichier de petite taille, qui ne permet pas l\u2019identification de l\u2019utilisateur, mais qui enregistre des informations relatives \u00e0 la navigation d\u2019un ordinateur sur un site. Les donn\u00e9es ainsi obtenues visent \u00e0 faciliter la navigation ult\u00e9rieure sur le site, et ont \u00e9galement vocation \u00e0 permettre diverses mesures de fr\u00e9quentation. Le refus d\u2019installation d\u2019un cookie peut entra\u00eener l\u2019impossibilit\u00e9 d\u2019acc\u00e9der \u00e0 certains services.<\/span><\/p>\n<p><span style=\"font-weight: 400;\">L\u2019utilisateur peut toutefois configurer son ordinateur de la mani\u00e8re suivante, pour refuser l\u2019installation des cookies :<\/span><\/p>\n<p><span style=\"font-weight: 400;\">\u2013 Sous Internet Explorer : onglet outil (pictogramme en haut \u00e0 droite) \/ options internet. Cliquez sur Confidentialit\u00e9 et choisissez \u00ab Bloquer tous les cookies \u00bb.<\/span><\/p>\n<p><span style=\"font-weight: 400;\">\u2013 Sous Firefox : en haut de la fen\u00eatre du navigateur, cliquez sur le bouton Firefox, puis aller dans l\u2019onglet Options. Cliquer sur l\u2019onglet Vie priv\u00e9e. Param\u00e9trez les R\u00e8gles de conservation sur : utiliser les param\u00e8tres personnalis\u00e9s pour l\u2019historique. Enfin d\u00e9cochez-la pour d\u00e9sactiver les cookies.<\/span><\/p>\n<p><span style=\"font-weight: 400;\">\u2013 Sous Chrome : Cliquez en haut \u00e0 droite du navigateur sur le pictogramme de menu. S\u00e9lectionnez Param\u00e8tres. Cliquez sur Afficher les param\u00e8tres avanc\u00e9s. Dans la section \u00ab Confidentialit\u00e9 \u00bb, cliquez sur pr\u00e9f\u00e9rences. Dans cet onglet vous pouvez bloquer les cookies.<\/span><\/p>\n<p>&nbsp;<\/p>\n<ol start=\"9\">\n<li><span style=\"font-weight: 400;\"> Droit applicable et attribution de juridiction.<\/span><\/li>\n<\/ol>\n<p><span style=\"font-weight: 400;\">Tout litige en relation avec l\u2019utilisation du site www.latouchedupeintre.fr est soumis au droit fran\u00e7ais. Il est fait attribution exclusive de juridiction aux tribunaux comp\u00e9tents des Yvelines.<\/span><\/p>\n<p>&nbsp;<\/p>\n<ol start=\"10\">\n<li><span style=\"font-weight: 400;\"> Les principales lois concern\u00e9es.<\/span><\/li>\n<\/ol>\n<p><span style=\"font-weight: 400;\">Loi n\u00b0 78-87 du 6 janvier 1978, notamment modifi\u00e9e par la loi n\u00b0 2004-801 du 6 ao\u00fbt 2004 relative \u00e0 l\u2019informatique, aux fichiers et aux libert\u00e9s. Loi n\u00b0 2004-575 du 21 juin 2004 pour la confiance dans l\u2019\u00e9conomie num\u00e9rique.<\/span><\/p>\n<p>&nbsp;<\/p>\n<ol start=\"11\">\n<li><span style=\"font-weight: 400;\"> Lexique<\/span><\/li>\n<\/ol>\n<p><span style=\"font-weight: 400;\">Utilisateur : Internaute se connectant, utilisant le site surnomm\u00e9.<\/span><\/p>\n<p><span style=\"font-weight: 400;\">Informations personnelles : \u00ab les informations qui permettent, sous quelque forme que ce soit, directement ou non, l\u2019identification des personnes physiques auxquelles elles s\u2019appliquent \u00bb (article 4 de la loi n\u00b0 78-17 du 6 janvier 1978).<\/span><\/p>\n<p>&nbsp;<\/p>\n<ol start=\"12\">\n<li><span style=\"font-weight: 400;\"> Cr\u00e9dits<\/span><\/li>\n<\/ol>\n<p><span style=\"font-weight: 400;\">Les droits de toutes les photos sont r\u00e9serv\u00e9s.<\/span><\/p>","protected":false},"excerpt":{"rendered":"<p>Pr\u00e9sentation du site. En vertu de l\u2019article 6 de la loi n\u00b0 2004-575 du 21 juin 2004 pour la confiance dans l\u2019\u00e9conomie num\u00e9rique, il est [&hellip;]<\/p>\n","protected":false},"author":1,"featured_media":0,"parent":0,"menu_order":0,"comment_status":"closed","ping_status":"closed","template":"","meta":{"footnotes":""},"class_list":["post-538","page","type-page","status-publish","hentry"],"yoast_head":"<!-- This site is optimized with the Yoast SEO plugin v27.3 - https:\/\/yoast.com\/product\/yoast-seo-wordpress\/ -->\n<title>Mentions L\u00e9gales - LA TOUCHE DU PEINTRE<\/title>\n<meta name=\"robots\" content=\"index, follow, max-snippet:-1, max-image-preview:large, max-video-preview:-1\" \/>\n<link rel=\"canonical\" href=\"https:\/\/www.latouchedupeintre.fr\/en\/mentions-legales\/\" \/>\n<meta property=\"og:locale\" content=\"en_GB\" \/>\n<meta property=\"og:type\" content=\"article\" \/>\n<meta property=\"og:title\" content=\"Mentions L\u00e9gales - LA TOUCHE DU PEINTRE\" \/>\n<meta property=\"og:description\" content=\"Pr\u00e9sentation du site. En vertu de l\u2019article 6 de la loi n\u00b0 2004-575 du 21 juin 2004 pour la confiance dans l\u2019\u00e9conomie num\u00e9rique, il est [&hellip;]\" \/>\n<meta property=\"og:url\" content=\"https:\/\/www.latouchedupeintre.fr\/en\/mentions-legales\/\" \/>\n<meta property=\"og:site_name\" content=\"LA TOUCHE DU PEINTRE\" \/>\n<meta name=\"twitter:card\" content=\"summary_large_image\" \/>\n<meta name=\"twitter:label1\" content=\"Estimated reading time\" \/>\n\t<meta name=\"twitter:data1\" content=\"7 minutes\" \/>\n<script type=\"application\/ld+json\" class=\"yoast-schema-graph\">{\"@context\":\"https:\\\/\\\/schema.org\",\"@graph\":[{\"@type\":\"WebPage\",\"@id\":\"https:\\\/\\\/www.latouchedupeintre.fr\\\/mentions-legales\\\/\",\"url\":\"https:\\\/\\\/www.latouchedupeintre.fr\\\/mentions-legales\\\/\",\"name\":\"Mentions L\u00e9gales - LA TOUCHE DU PEINTRE\",\"isPartOf\":{\"@id\":\"https:\\\/\\\/www.latouchedupeintre.fr\\\/#website\"},\"datePublished\":\"2020-08-31T20:54:47+00:00\",\"breadcrumb\":{\"@id\":\"https:\\\/\\\/www.latouchedupeintre.fr\\\/mentions-legales\\\/#breadcrumb\"},\"inLanguage\":\"en-GB\",\"potentialAction\":[{\"@type\":\"ReadAction\",\"target\":[\"https:\\\/\\\/www.latouchedupeintre.fr\\\/mentions-legales\\\/\"]}]},{\"@type\":\"BreadcrumbList\",\"@id\":\"https:\\\/\\\/www.latouchedupeintre.fr\\\/mentions-legales\\\/#breadcrumb\",\"itemListElement\":[{\"@type\":\"ListItem\",\"position\":1,\"name\":\"Accueil\",\"item\":\"https:\\\/\\\/www.latouchedupeintre.fr\\\/\"},{\"@type\":\"ListItem\",\"position\":2,\"name\":\"Mentions L\u00e9gales\"}]},{\"@type\":\"WebSite\",\"@id\":\"https:\\\/\\\/www.latouchedupeintre.fr\\\/#website\",\"url\":\"https:\\\/\\\/www.latouchedupeintre.fr\\\/\",\"name\":\"LA TOUCHE DU PEINTRE\",\"description\":\"Atelier de peinture Jacques Bert\u00e9\",\"publisher\":{\"@id\":\"https:\\\/\\\/www.latouchedupeintre.fr\\\/#\\\/schema\\\/person\\\/0c90291071658eca20914b6b7ad3fd71\"},\"potentialAction\":[{\"@type\":\"SearchAction\",\"target\":{\"@type\":\"EntryPoint\",\"urlTemplate\":\"https:\\\/\\\/www.latouchedupeintre.fr\\\/?s={search_term_string}\"},\"query-input\":{\"@type\":\"PropertyValueSpecification\",\"valueRequired\":true,\"valueName\":\"search_term_string\"}}],\"inLanguage\":\"en-GB\"},{\"@type\":[\"Person\",\"Organization\"],\"@id\":\"https:\\\/\\\/www.latouchedupeintre.fr\\\/#\\\/schema\\\/person\\\/0c90291071658eca20914b6b7ad3fd71\",\"name\":\"Jacques Bert\u00e9\",\"image\":{\"@type\":\"ImageObject\",\"inLanguage\":\"en-GB\",\"@id\":\"https:\\\/\\\/www.latouchedupeintre.fr\\\/wp-content\\\/uploads\\\/2020\\\/09\\\/cropped-latouchedupeintre-fb-icon-01.png\",\"url\":\"https:\\\/\\\/www.latouchedupeintre.fr\\\/wp-content\\\/uploads\\\/2020\\\/09\\\/cropped-latouchedupeintre-fb-icon-01.png\",\"contentUrl\":\"https:\\\/\\\/www.latouchedupeintre.fr\\\/wp-content\\\/uploads\\\/2020\\\/09\\\/cropped-latouchedupeintre-fb-icon-01.png\",\"width\":512,\"height\":512,\"caption\":\"Jacques Bert\u00e9\"},\"logo\":{\"@id\":\"https:\\\/\\\/www.latouchedupeintre.fr\\\/wp-content\\\/uploads\\\/2020\\\/09\\\/cropped-latouchedupeintre-fb-icon-01.png\"}}]}<\/script>\n<!-- \/ Yoast SEO plugin. -->","yoast_head_json":{"title":"Mentions L\u00e9gales - LA TOUCHE DU PEINTRE","robots":{"index":"index","follow":"follow","max-snippet":"max-snippet:-1","max-image-preview":"max-image-preview:large","max-video-preview":"max-video-preview:-1"},"canonical":"https:\/\/www.latouchedupeintre.fr\/en\/mentions-legales\/","og_locale":"en_GB","og_type":"article","og_title":"Mentions L\u00e9gales - LA TOUCHE DU PEINTRE","og_description":"Pr\u00e9sentation du site. En vertu de l\u2019article 6 de la loi n\u00b0 2004-575 du 21 juin 2004 pour la confiance dans l\u2019\u00e9conomie num\u00e9rique, il est [&hellip;]","og_url":"https:\/\/www.latouchedupeintre.fr\/en\/mentions-legales\/","og_site_name":"LA TOUCHE DU PEINTRE","twitter_card":"summary_large_image","twitter_misc":{"Estimated reading time":"7 minutes"},"schema":{"@context":"https:\/\/schema.org","@graph":[{"@type":"WebPage","@id":"https:\/\/www.latouchedupeintre.fr\/mentions-legales\/","url":"https:\/\/www.latouchedupeintre.fr\/mentions-legales\/","name":"Mentions L\u00e9gales - LA TOUCHE DU PEINTRE","isPartOf":{"@id":"https:\/\/www.latouchedupeintre.fr\/#website"},"datePublished":"2020-08-31T20:54:47+00:00","breadcrumb":{"@id":"https:\/\/www.latouchedupeintre.fr\/mentions-legales\/#breadcrumb"},"inLanguage":"en-GB","potentialAction":[{"@type":"ReadAction","target":["https:\/\/www.latouchedupeintre.fr\/mentions-legales\/"]}]},{"@type":"BreadcrumbList","@id":"https:\/\/www.latouchedupeintre.fr\/mentions-legales\/#breadcrumb","itemListElement":[{"@type":"ListItem","position":1,"name":"Accueil","item":"https:\/\/www.latouchedupeintre.fr\/"},{"@type":"ListItem","position":2,"name":"Mentions L\u00e9gales"}]},{"@type":"WebSite","@id":"https:\/\/www.latouchedupeintre.fr\/#website","url":"https:\/\/www.latouchedupeintre.fr\/","name":"LA TOUCHE DU PEINTRE","description":"Atelier de peinture Jacques Bert\u00e9","publisher":{"@id":"https:\/\/www.latouchedupeintre.fr\/#\/schema\/person\/0c90291071658eca20914b6b7ad3fd71"},"potentialAction":[{"@type":"SearchAction","target":{"@type":"EntryPoint","urlTemplate":"https:\/\/www.latouchedupeintre.fr\/?s={search_term_string}"},"query-input":{"@type":"PropertyValueSpecification","valueRequired":true,"valueName":"search_term_string"}}],"inLanguage":"en-GB"},{"@type":["Person","Organization"],"@id":"https:\/\/www.latouchedupeintre.fr\/#\/schema\/person\/0c90291071658eca20914b6b7ad3fd71","name":"Jacques Bert\u00e9","image":{"@type":"ImageObject","inLanguage":"en-GB","@id":"https:\/\/www.latouchedupeintre.fr\/wp-content\/uploads\/2020\/09\/cropped-latouchedupeintre-fb-icon-01.png","url":"https:\/\/www.latouchedupeintre.fr\/wp-content\/uploads\/2020\/09\/cropped-latouchedupeintre-fb-icon-01.png","contentUrl":"https:\/\/www.latouchedupeintre.fr\/wp-content\/uploads\/2020\/09\/cropped-latouchedupeintre-fb-icon-01.png","width":512,"height":512,"caption":"Jacques Bert\u00e9"},"logo":{"@id":"https:\/\/www.latouchedupeintre.fr\/wp-content\/uploads\/2020\/09\/cropped-latouchedupeintre-fb-icon-01.png"}}]}},"_links":{"self":[{"href":"https:\/\/www.latouchedupeintre.fr\/en\/wp-json\/wp\/v2\/pages\/538","targetHints":{"allow":["GET"]}}],"collection":[{"href":"https:\/\/www.latouchedupeintre.fr\/en\/wp-json\/wp\/v2\/pages"}],"about":[{"href":"https:\/\/www.latouchedupeintre.fr\/en\/wp-json\/wp\/v2\/types\/page"}],"author":[{"embeddable":true,"href":"https:\/\/www.latouchedupeintre.fr\/en\/wp-json\/wp\/v2\/users\/1"}],"replies":[{"embeddable":true,"href":"https:\/\/www.latouchedupeintre.fr\/en\/wp-json\/wp\/v2\/comments?post=538"}],"version-history":[{"count":2,"href":"https:\/\/www.latouchedupeintre.fr\/en\/wp-json\/wp\/v2\/pages\/538\/revisions"}],"predecessor-version":[{"id":540,"href":"https:\/\/www.latouchedupeintre.fr\/en\/wp-json\/wp\/v2\/pages\/538\/revisions\/540"}],"wp:attachment":[{"href":"https:\/\/www.latouchedupeintre.fr\/en\/wp-json\/wp\/v2\/media?parent=538"}],"curies":[{"name":"wp","href":"https:\/\/api.w.org\/{rel}","templated":true}]}}