{"id":118,"date":"2018-09-17T16:19:29","date_gmt":"2018-09-17T16:19:29","guid":{"rendered":"http:\/\/demo.sharkthemes.com\/chives\/?page_id=5"},"modified":"2022-06-03T18:29:28","modified_gmt":"2022-06-03T16:29:28","slug":"accueil","status":"publish","type":"page","link":"https:\/\/www.latouchedupeintre.fr\/en\/","title":{"rendered":"Home"},"content":{"rendered":"","protected":false},"excerpt":{"rendered":"","protected":false},"author":1,"featured_media":5,"parent":0,"menu_order":0,"comment_status":"closed","ping_status":"closed","template":"homepage.php","meta":{"footnotes":""},"class_list":["post-118","page","type-page","status-publish","has-post-thumbnail","hentry"],"yoast_head":"<!-- This site is optimized with the Yoast SEO plugin v27.3 - https:\/\/yoast.com\/product\/yoast-seo-wordpress\/ -->\n<title>LA TOUCHE DU PEINTRE - Atelier de peinture de Jacques Bert\u00e9<\/title>\n<meta name=\"description\" content=\"Atelier de peinture de Jacques Bert\u00e9. Cours de peinture \u00e0 l&#039;huile (technique des &quot;glacis&quot;) et de dessin. R\u00e9alisation de tableaux sur commande. Expositions et stages toute l&#039;ann\u00e9e. Maisons Laffitte, Neuilly sur Seine et Avrill\u00e9.\" \/>\n<meta name=\"robots\" content=\"index, follow, max-snippet:-1, max-image-preview:large, max-video-preview:-1\" \/>\n<link rel=\"canonical\" href=\"https:\/\/www.latouchedupeintre.fr\/en\/\" \/>\n<meta property=\"og:locale\" content=\"en_GB\" \/>\n<meta property=\"og:type\" content=\"article\" \/>\n<meta property=\"og:title\" content=\"LA TOUCHE DU PEINTRE - Atelier de peinture de Jacques Bert\u00e9\" \/>\n<meta property=\"og:description\" content=\"Atelier de peinture de Jacques Bert\u00e9. Cours de peinture \u00e0 l&#039;huile (technique des &quot;glacis&quot;) et de dessin. R\u00e9alisation de tableaux sur commande. Expositions et stages toute l&#039;ann\u00e9e. Maisons Laffitte, Neuilly sur Seine et Avrill\u00e9.\" \/>\n<meta property=\"og:url\" content=\"https:\/\/www.latouchedupeintre.fr\/en\/\" \/>\n<meta property=\"og:site_name\" content=\"LA TOUCHE DU PEINTRE\" \/>\n<meta property=\"article:modified_time\" content=\"2022-06-03T16:29:28+00:00\" \/>\n<meta property=\"og:image\" content=\"https:\/\/www.latouchedupeintre.fr\/wp-content\/uploads\/2020\/09\/Lavandes-Jacques-Berte\u0301-home.jpg\" \/>\n\t<meta property=\"og:image:width\" content=\"1920\" \/>\n\t<meta property=\"og:image:height\" content=\"1267\" \/>\n\t<meta property=\"og:image:type\" content=\"image\/jpeg\" \/>\n<meta name=\"twitter:card\" content=\"summary_large_image\" \/>\n<script type=\"application\/ld+json\" class=\"yoast-schema-graph\">{\"@context\":\"https:\\\/\\\/schema.org\",\"@graph\":[{\"@type\":\"WebPage\",\"@id\":\"https:\\\/\\\/www.latouchedupeintre.fr\\\/\",\"url\":\"https:\\\/\\\/www.latouchedupeintre.fr\\\/\",\"name\":\"LA TOUCHE DU PEINTRE - Atelier de peinture de Jacques Bert\u00e9\",\"isPartOf\":{\"@id\":\"https:\\\/\\\/www.latouchedupeintre.fr\\\/#website\"},\"primaryImageOfPage\":{\"@id\":\"https:\\\/\\\/www.latouchedupeintre.fr\\\/#primaryimage\"},\"image\":{\"@id\":\"https:\\\/\\\/www.latouchedupeintre.fr\\\/#primaryimage\"},\"thumbnailUrl\":\"https:\\\/\\\/www.latouchedupeintre.fr\\\/wp-content\\\/uploads\\\/2020\\\/07\\\/fleurs-blancs-small.jpeg\",\"datePublished\":\"2018-09-17T16:19:29+00:00\",\"dateModified\":\"2022-06-03T16:29:28+00:00\",\"description\":\"Atelier de peinture de Jacques Bert\u00e9. Cours de peinture \u00e0 l'huile (technique des \\\"glacis\\\") et de dessin. R\u00e9alisation de tableaux sur commande. Expositions et stages toute l'ann\u00e9e. Maisons Laffitte, Neuilly sur Seine et Avrill\u00e9.\",\"breadcrumb\":{\"@id\":\"https:\\\/\\\/www.latouchedupeintre.fr\\\/#breadcrumb\"},\"inLanguage\":\"en-GB\",\"potentialAction\":[{\"@type\":\"ReadAction\",\"target\":[\"https:\\\/\\\/www.latouchedupeintre.fr\\\/\"]}]},{\"@type\":\"ImageObject\",\"inLanguage\":\"en-GB\",\"@id\":\"https:\\\/\\\/www.latouchedupeintre.fr\\\/#primaryimage\",\"url\":\"https:\\\/\\\/www.latouchedupeintre.fr\\\/wp-content\\\/uploads\\\/2020\\\/07\\\/fleurs-blancs-small.jpeg\",\"contentUrl\":\"https:\\\/\\\/www.latouchedupeintre.fr\\\/wp-content\\\/uploads\\\/2020\\\/07\\\/fleurs-blancs-small.jpeg\",\"width\":2000,\"height\":1500},{\"@type\":\"BreadcrumbList\",\"@id\":\"https:\\\/\\\/www.latouchedupeintre.fr\\\/#breadcrumb\",\"itemListElement\":[{\"@type\":\"ListItem\",\"position\":1,\"name\":\"Accueil\",\"item\":\"https:\\\/\\\/www.latouchedupeintre.fr\\\/\"},{\"@type\":\"ListItem\",\"position\":2,\"name\":\"Home\"}]},{\"@type\":\"WebSite\",\"@id\":\"https:\\\/\\\/www.latouchedupeintre.fr\\\/#website\",\"url\":\"https:\\\/\\\/www.latouchedupeintre.fr\\\/\",\"name\":\"LA TOUCHE DU PEINTRE\",\"description\":\"Atelier de peinture Jacques Bert\u00e9\",\"publisher\":{\"@id\":\"https:\\\/\\\/www.latouchedupeintre.fr\\\/#\\\/schema\\\/person\\\/0c90291071658eca20914b6b7ad3fd71\"},\"potentialAction\":[{\"@type\":\"SearchAction\",\"target\":{\"@type\":\"EntryPoint\",\"urlTemplate\":\"https:\\\/\\\/www.latouchedupeintre.fr\\\/?s={search_term_string}\"},\"query-input\":{\"@type\":\"PropertyValueSpecification\",\"valueRequired\":true,\"valueName\":\"search_term_string\"}}],\"inLanguage\":\"en-GB\"},{\"@type\":[\"Person\",\"Organization\"],\"@id\":\"https:\\\/\\\/www.latouchedupeintre.fr\\\/#\\\/schema\\\/person\\\/0c90291071658eca20914b6b7ad3fd71\",\"name\":\"Jacques Bert\u00e9\",\"image\":{\"@type\":\"ImageObject\",\"inLanguage\":\"en-GB\",\"@id\":\"https:\\\/\\\/www.latouchedupeintre.fr\\\/wp-content\\\/uploads\\\/2020\\\/09\\\/cropped-latouchedupeintre-fb-icon-01.png\",\"url\":\"https:\\\/\\\/www.latouchedupeintre.fr\\\/wp-content\\\/uploads\\\/2020\\\/09\\\/cropped-latouchedupeintre-fb-icon-01.png\",\"contentUrl\":\"https:\\\/\\\/www.latouchedupeintre.fr\\\/wp-content\\\/uploads\\\/2020\\\/09\\\/cropped-latouchedupeintre-fb-icon-01.png\",\"width\":512,\"height\":512,\"caption\":\"Jacques Bert\u00e9\"},\"logo\":{\"@id\":\"https:\\\/\\\/www.latouchedupeintre.fr\\\/wp-content\\\/uploads\\\/2020\\\/09\\\/cropped-latouchedupeintre-fb-icon-01.png\"}}]}<\/script>\n<!-- \/ Yoast SEO plugin. -->","yoast_head_json":{"title":"LA TOUCHE DU PEINTRE - Atelier de peinture de Jacques Bert\u00e9","description":"Atelier de peinture de Jacques Bert\u00e9. Cours de peinture \u00e0 l'huile (technique des \"glacis\") et de dessin. R\u00e9alisation de tableaux sur commande. Expositions et stages toute l'ann\u00e9e. Maisons Laffitte, Neuilly sur Seine et Avrill\u00e9.","robots":{"index":"index","follow":"follow","max-snippet":"max-snippet:-1","max-image-preview":"max-image-preview:large","max-video-preview":"max-video-preview:-1"},"canonical":"https:\/\/www.latouchedupeintre.fr\/en\/","og_locale":"en_GB","og_type":"article","og_title":"LA TOUCHE DU PEINTRE - Atelier de peinture de Jacques Bert\u00e9","og_description":"Atelier de peinture de Jacques Bert\u00e9. Cours de peinture \u00e0 l'huile (technique des \"glacis\") et de dessin. R\u00e9alisation de tableaux sur commande. Expositions et stages toute l'ann\u00e9e. Maisons Laffitte, Neuilly sur Seine et Avrill\u00e9.","og_url":"https:\/\/www.latouchedupeintre.fr\/en\/","og_site_name":"LA TOUCHE DU PEINTRE","article_modified_time":"2022-06-03T16:29:28+00:00","og_image":[{"width":1920,"height":1267,"url":"https:\/\/www.latouchedupeintre.fr\/wp-content\/uploads\/2020\/09\/Lavandes-Jacques-Berte\u0301-home.jpg","type":"image\/jpeg"}],"twitter_card":"summary_large_image","schema":{"@context":"https:\/\/schema.org","@graph":[{"@type":"WebPage","@id":"https:\/\/www.latouchedupeintre.fr\/","url":"https:\/\/www.latouchedupeintre.fr\/","name":"LA TOUCHE DU PEINTRE - Atelier de peinture de Jacques Bert\u00e9","isPartOf":{"@id":"https:\/\/www.latouchedupeintre.fr\/#website"},"primaryImageOfPage":{"@id":"https:\/\/www.latouchedupeintre.fr\/#primaryimage"},"image":{"@id":"https:\/\/www.latouchedupeintre.fr\/#primaryimage"},"thumbnailUrl":"https:\/\/www.latouchedupeintre.fr\/wp-content\/uploads\/2020\/07\/fleurs-blancs-small.jpeg","datePublished":"2018-09-17T16:19:29+00:00","dateModified":"2022-06-03T16:29:28+00:00","description":"Atelier de peinture de Jacques Bert\u00e9. Cours de peinture \u00e0 l'huile (technique des \"glacis\") et de dessin. R\u00e9alisation de tableaux sur commande. Expositions et stages toute l'ann\u00e9e. Maisons Laffitte, Neuilly sur Seine et Avrill\u00e9.","breadcrumb":{"@id":"https:\/\/www.latouchedupeintre.fr\/#breadcrumb"},"inLanguage":"en-GB","potentialAction":[{"@type":"ReadAction","target":["https:\/\/www.latouchedupeintre.fr\/"]}]},{"@type":"ImageObject","inLanguage":"en-GB","@id":"https:\/\/www.latouchedupeintre.fr\/#primaryimage","url":"https:\/\/www.latouchedupeintre.fr\/wp-content\/uploads\/2020\/07\/fleurs-blancs-small.jpeg","contentUrl":"https:\/\/www.latouchedupeintre.fr\/wp-content\/uploads\/2020\/07\/fleurs-blancs-small.jpeg","width":2000,"height":1500},{"@type":"BreadcrumbList","@id":"https:\/\/www.latouchedupeintre.fr\/#breadcrumb","itemListElement":[{"@type":"ListItem","position":1,"name":"Accueil","item":"https:\/\/www.latouchedupeintre.fr\/"},{"@type":"ListItem","position":2,"name":"Home"}]},{"@type":"WebSite","@id":"https:\/\/www.latouchedupeintre.fr\/#website","url":"https:\/\/www.latouchedupeintre.fr\/","name":"LA TOUCHE DU PEINTRE","description":"Atelier de peinture Jacques Bert\u00e9","publisher":{"@id":"https:\/\/www.latouchedupeintre.fr\/#\/schema\/person\/0c90291071658eca20914b6b7ad3fd71"},"potentialAction":[{"@type":"SearchAction","target":{"@type":"EntryPoint","urlTemplate":"https:\/\/www.latouchedupeintre.fr\/?s={search_term_string}"},"query-input":{"@type":"PropertyValueSpecification","valueRequired":true,"valueName":"search_term_string"}}],"inLanguage":"en-GB"},{"@type":["Person","Organization"],"@id":"https:\/\/www.latouchedupeintre.fr\/#\/schema\/person\/0c90291071658eca20914b6b7ad3fd71","name":"Jacques Bert\u00e9","image":{"@type":"ImageObject","inLanguage":"en-GB","@id":"https:\/\/www.latouchedupeintre.fr\/wp-content\/uploads\/2020\/09\/cropped-latouchedupeintre-fb-icon-01.png","url":"https:\/\/www.latouchedupeintre.fr\/wp-content\/uploads\/2020\/09\/cropped-latouchedupeintre-fb-icon-01.png","contentUrl":"https:\/\/www.latouchedupeintre.fr\/wp-content\/uploads\/2020\/09\/cropped-latouchedupeintre-fb-icon-01.png","width":512,"height":512,"caption":"Jacques Bert\u00e9"},"logo":{"@id":"https:\/\/www.latouchedupeintre.fr\/wp-content\/uploads\/2020\/09\/cropped-latouchedupeintre-fb-icon-01.png"}}]}},"_links":{"self":[{"href":"https:\/\/www.latouchedupeintre.fr\/en\/wp-json\/wp\/v2\/pages\/118","targetHints":{"allow":["GET"]}}],"collection":[{"href":"https:\/\/www.latouchedupeintre.fr\/en\/wp-json\/wp\/v2\/pages"}],"about":[{"href":"https:\/\/www.latouchedupeintre.fr\/en\/wp-json\/wp\/v2\/types\/page"}],"author":[{"embeddable":true,"href":"https:\/\/www.latouchedupeintre.fr\/en\/wp-json\/wp\/v2\/users\/1"}],"replies":[{"embeddable":true,"href":"https:\/\/www.latouchedupeintre.fr\/en\/wp-json\/wp\/v2\/comments?post=118"}],"version-history":[{"count":1,"href":"https:\/\/www.latouchedupeintre.fr\/en\/wp-json\/wp\/v2\/pages\/118\/revisions"}],"predecessor-version":[{"id":156,"href":"https:\/\/www.latouchedupeintre.fr\/en\/wp-json\/wp\/v2\/pages\/118\/revisions\/156"}],"wp:featuredmedia":[{"embeddable":true,"href":"https:\/\/www.latouchedupeintre.fr\/en\/wp-json\/wp\/v2\/media\/5"}],"wp:attachment":[{"href":"https:\/\/www.latouchedupeintre.fr\/en\/wp-json\/wp\/v2\/media?parent=118"}],"curies":[{"name":"wp","href":"https:\/\/api.w.org\/{rel}","templated":true}]}}