{"id":1008,"date":"2020-11-27T15:02:50","date_gmt":"2020-11-27T14:02:50","guid":{"rendered":"https:\/\/www.latouchedupeintre.fr\/?page_id=1008"},"modified":"2021-04-14T14:48:10","modified_gmt":"2021-04-14T12:48:10","slug":"commandes","status":"publish","type":"page","link":"https:\/\/www.latouchedupeintre.fr\/en\/commandes\/","title":{"rendered":"Specific Orders"},"content":{"rendered":"<div style=\"height:20px\" aria-hidden=\"true\" class=\"wp-block-spacer\"><\/div>\n\n\n<div id=\"pl-gb1008-69d9a2154ba31\"  class=\"panel-layout\" ><div id=\"pg-gb1008-69d9a2154ba31-0\"  class=\"panel-grid panel-no-style\" ><div id=\"pgc-gb1008-69d9a2154ba31-0-0\"  class=\"panel-grid-cell\" ><div id=\"panel-gb1008-69d9a2154ba31-0-0-0\" class=\"so-panel widget widget_text panel-first-child panel-last-child\" data-index=\"0\" >\t\t\t<div class=\"textwidget\"><p>Je r\u00e9alise des portraits personnalis\u00e9s pour des occasions sp\u00e9ciales et uniques.<\/p>\n<p>&nbsp;<\/p>\n<p>Have portraits of those you love taken. Of your grandchildren, of your friends \u2026<\/p>\n<p>&nbsp;<\/p>\n<p>Order the painting of your home or your country house, your vacation home ...<\/p>\n<p>&nbsp;<\/p>\n<p><\/p>\n<p>Treat yourself to a family portrait. Take the opportunity of family celebrations, weddings, birthdays to offer a personalized picture.<\/p>\n<p>&nbsp;<\/p>\n<p> <\/p>\n<p><strong><em>A personalized gift will always be appreciated.<\/em><\/strong><\/p>\n<p><\/p>\n<\/div>\n\t\t<\/div><\/div><div id=\"pgc-gb1008-69d9a2154ba31-0-1\"  class=\"panel-grid-cell\" ><div id=\"panel-gb1008-69d9a2154ba31-0-1-0\" class=\"so-panel widget widget_sow-slider panel-first-child panel-last-child\" data-index=\"1\" ><div\n\t\t\t\n\t\t\tclass=\"so-widget-sow-slider so-widget-sow-slider-default-f0ae9a9d037f-1008\"\n\t\t\t\n\t\t>\t\t\t\t<div class=\"sow-slider-base\" style=\"display: none\" tabindex=\"0\">\n\t\t\t\t\t<ul\n\t\t\t\t\tclass=\"sow-slider-images\"\n\t\t\t\t\tdata-settings=\"{&quot;pagination&quot;:true,&quot;speed&quot;:1200,&quot;timeout&quot;:2000,&quot;paused&quot;:false,&quot;pause_on_hover&quot;:false,&quot;swipe&quot;:true,&quot;nav_always_show_desktop&quot;:&quot;&quot;,&quot;nav_always_show_mobile&quot;:&quot;&quot;,&quot;breakpoint&quot;:&quot;780px&quot;,&quot;unmute&quot;:false,&quot;anchor&quot;:null}\"\n\t\t\t\t\t\t\t\t\t\tdata-anchor-id=\"\"\n\t\t\t\t>\t\t<li class=\"sow-slider-image\" style=\"visibility: visible;\" >\n\t\t\t\t\t\t<img loading=\"lazy\" decoding=\"async\" width=\"866\" height=\"1154\" src=\"https:\/\/www.latouchedupeintre.fr\/wp-content\/uploads\/2020\/11\/Petite-fille-au-lavoir-1.jpg\" class=\"sow-slider-background-image\" alt=\"\" style=\"\" srcset=\"https:\/\/www.latouchedupeintre.fr\/wp-content\/uploads\/2020\/11\/Petite-fille-au-lavoir-1.jpg 866w, https:\/\/www.latouchedupeintre.fr\/wp-content\/uploads\/2020\/11\/Petite-fille-au-lavoir-1-225x300.jpg 225w, https:\/\/www.latouchedupeintre.fr\/wp-content\/uploads\/2020\/11\/Petite-fille-au-lavoir-1-768x1023.jpg 768w, https:\/\/www.latouchedupeintre.fr\/wp-content\/uploads\/2020\/11\/Petite-fille-au-lavoir-1-9x12.jpg 9w\" sizes=\"auto, (max-width: 866px) 100vw, 866px\" \/>\t\t<\/li>\n\t\t\t\t<li class=\"sow-slider-image\" style=\"visibility: hidden;\" >\n\t\t\t\t\t\t<img loading=\"lazy\" decoding=\"async\" width=\"866\" height=\"1154\" src=\"https:\/\/www.latouchedupeintre.fr\/wp-content\/uploads\/2020\/11\/Petite-fille-au-lavoir-2.jpg\" class=\"sow-slider-background-image\" alt=\"\" style=\"\" srcset=\"https:\/\/www.latouchedupeintre.fr\/wp-content\/uploads\/2020\/11\/Petite-fille-au-lavoir-2.jpg 866w, https:\/\/www.latouchedupeintre.fr\/wp-content\/uploads\/2020\/11\/Petite-fille-au-lavoir-2-225x300.jpg 225w, https:\/\/www.latouchedupeintre.fr\/wp-content\/uploads\/2020\/11\/Petite-fille-au-lavoir-2-768x1023.jpg 768w, https:\/\/www.latouchedupeintre.fr\/wp-content\/uploads\/2020\/11\/Petite-fille-au-lavoir-2-9x12.jpg 9w\" sizes=\"auto, (max-width: 866px) 100vw, 866px\" \/>\t\t<\/li>\n\t\t\t\t<li class=\"sow-slider-image\" style=\"visibility: hidden;\" >\n\t\t\t\t\t\t<img loading=\"lazy\" decoding=\"async\" width=\"866\" height=\"1154\" src=\"https:\/\/www.latouchedupeintre.fr\/wp-content\/uploads\/2020\/11\/Petite-fille-au-lavoir-3.jpg\" class=\"sow-slider-background-image\" alt=\"\" style=\"\" srcset=\"https:\/\/www.latouchedupeintre.fr\/wp-content\/uploads\/2020\/11\/Petite-fille-au-lavoir-3.jpg 866w, https:\/\/www.latouchedupeintre.fr\/wp-content\/uploads\/2020\/11\/Petite-fille-au-lavoir-3-225x300.jpg 225w, https:\/\/www.latouchedupeintre.fr\/wp-content\/uploads\/2020\/11\/Petite-fille-au-lavoir-3-768x1023.jpg 768w, https:\/\/www.latouchedupeintre.fr\/wp-content\/uploads\/2020\/11\/Petite-fille-au-lavoir-3-9x12.jpg 9w\" sizes=\"auto, (max-width: 866px) 100vw, 866px\" \/>\t\t<\/li>\n\t\t\t\t<li class=\"sow-slider-image\" style=\"visibility: hidden;\" >\n\t\t\t\t\t\t<img loading=\"lazy\" decoding=\"async\" width=\"866\" height=\"1154\" src=\"https:\/\/www.latouchedupeintre.fr\/wp-content\/uploads\/2020\/11\/Petite-fille-au-lavoir-4.jpg\" class=\"sow-slider-background-image\" alt=\"\" style=\"\" srcset=\"https:\/\/www.latouchedupeintre.fr\/wp-content\/uploads\/2020\/11\/Petite-fille-au-lavoir-4.jpg 866w, https:\/\/www.latouchedupeintre.fr\/wp-content\/uploads\/2020\/11\/Petite-fille-au-lavoir-4-225x300.jpg 225w, https:\/\/www.latouchedupeintre.fr\/wp-content\/uploads\/2020\/11\/Petite-fille-au-lavoir-4-768x1023.jpg 768w, https:\/\/www.latouchedupeintre.fr\/wp-content\/uploads\/2020\/11\/Petite-fille-au-lavoir-4-9x12.jpg 9w\" sizes=\"auto, (max-width: 866px) 100vw, 866px\" \/>\t\t<\/li>\n\t\t\t\t<li class=\"sow-slider-image\" style=\"visibility: hidden;\" >\n\t\t\t\t\t\t<img loading=\"lazy\" decoding=\"async\" width=\"866\" height=\"1154\" src=\"https:\/\/www.latouchedupeintre.fr\/wp-content\/uploads\/2020\/11\/Petite-fille-au-lavoir-5.jpg\" class=\"sow-slider-background-image\" alt=\"\" style=\"\" srcset=\"https:\/\/www.latouchedupeintre.fr\/wp-content\/uploads\/2020\/11\/Petite-fille-au-lavoir-5.jpg 866w, https:\/\/www.latouchedupeintre.fr\/wp-content\/uploads\/2020\/11\/Petite-fille-au-lavoir-5-225x300.jpg 225w, https:\/\/www.latouchedupeintre.fr\/wp-content\/uploads\/2020\/11\/Petite-fille-au-lavoir-5-768x1023.jpg 768w, https:\/\/www.latouchedupeintre.fr\/wp-content\/uploads\/2020\/11\/Petite-fille-au-lavoir-5-9x12.jpg 9w\" sizes=\"auto, (max-width: 866px) 100vw, 866px\" \/>\t\t<\/li>\n\t\t\t\t<li class=\"sow-slider-image\" style=\"visibility: hidden;\" >\n\t\t\t\t\t\t<img loading=\"lazy\" decoding=\"async\" width=\"866\" height=\"1154\" src=\"https:\/\/www.latouchedupeintre.fr\/wp-content\/uploads\/2020\/11\/Petite-fille-au-lavoir-6.jpg\" class=\"sow-slider-background-image\" alt=\"\" style=\"\" srcset=\"https:\/\/www.latouchedupeintre.fr\/wp-content\/uploads\/2020\/11\/Petite-fille-au-lavoir-6.jpg 866w, https:\/\/www.latouchedupeintre.fr\/wp-content\/uploads\/2020\/11\/Petite-fille-au-lavoir-6-225x300.jpg 225w, https:\/\/www.latouchedupeintre.fr\/wp-content\/uploads\/2020\/11\/Petite-fille-au-lavoir-6-768x1023.jpg 768w, https:\/\/www.latouchedupeintre.fr\/wp-content\/uploads\/2020\/11\/Petite-fille-au-lavoir-6-9x12.jpg 9w\" sizes=\"auto, (max-width: 866px) 100vw, 866px\" \/>\t\t<\/li>\n\t\t\t\t<li class=\"sow-slider-image\" style=\"visibility: hidden;\" >\n\t\t\t\t\t\t<img loading=\"lazy\" decoding=\"async\" width=\"866\" height=\"1154\" src=\"https:\/\/www.latouchedupeintre.fr\/wp-content\/uploads\/2020\/11\/Petite-fille-au-lavoir-7.jpg\" class=\"sow-slider-background-image\" alt=\"\" style=\"\" srcset=\"https:\/\/www.latouchedupeintre.fr\/wp-content\/uploads\/2020\/11\/Petite-fille-au-lavoir-7.jpg 866w, https:\/\/www.latouchedupeintre.fr\/wp-content\/uploads\/2020\/11\/Petite-fille-au-lavoir-7-225x300.jpg 225w, https:\/\/www.latouchedupeintre.fr\/wp-content\/uploads\/2020\/11\/Petite-fille-au-lavoir-7-768x1023.jpg 768w, https:\/\/www.latouchedupeintre.fr\/wp-content\/uploads\/2020\/11\/Petite-fille-au-lavoir-7-9x12.jpg 9w\" sizes=\"auto, (max-width: 866px) 100vw, 866px\" \/>\t\t<\/li>\n\t\t<\/ul>\t\t\t\t<ol class=\"sow-slider-pagination\">\n\t\t\t\t\t\t\t\t\t\t\t<li><a href=\"#\" data-goto=\"0\" aria-label=\"Display slide 1\"><\/a><\/li>\n\t\t\t\t\t\t\t\t\t\t\t<li><a href=\"#\" data-goto=\"1\" aria-label=\"Display slide 2\"><\/a><\/li>\n\t\t\t\t\t\t\t\t\t\t\t<li><a href=\"#\" data-goto=\"2\" aria-label=\"Display slide 3\"><\/a><\/li>\n\t\t\t\t\t\t\t\t\t\t\t<li><a href=\"#\" data-goto=\"3\" aria-label=\"Display slide 4\"><\/a><\/li>\n\t\t\t\t\t\t\t\t\t\t\t<li><a href=\"#\" data-goto=\"4\" aria-label=\"Display slide 5\"><\/a><\/li>\n\t\t\t\t\t\t\t\t\t\t\t<li><a href=\"#\" data-goto=\"5\" aria-label=\"Display slide 6\"><\/a><\/li>\n\t\t\t\t\t\t\t\t\t\t\t<li><a href=\"#\" data-goto=\"6\" aria-label=\"Display slide 7\"><\/a><\/li>\n\t\t\t\t\t\t\t\t\t<\/ol>\n\n\t\t\t\t<div class=\"sow-slide-nav sow-slide-nav-next\">\n\t\t\t\t\t<a href=\"#\" data-goto=\"next\" aria-label=\"Next slide\" data-action=\"next\">\n\t\t\t\t\t\t<em class=\"sow-sld-icon-thin-right\"><\/em>\n\t\t\t\t\t<\/a>\n\t\t\t\t<\/div>\n\n\t\t\t\t<div class=\"sow-slide-nav sow-slide-nav-prev\">\n\t\t\t\t\t<a href=\"#\" data-goto=\"previous\" aria-label=\"Previous slide\" data-action=\"prev\">\n\t\t\t\t\t\t<em class=\"sow-sld-icon-thin-left\"><\/em>\n\t\t\t\t\t<\/a>\n\t\t\t\t<\/div>\n\t\t\t\t<\/div><\/div><\/div><\/div><\/div><\/div>\n\n\n<div class=\"wp-block-group is-layout-flow wp-block-group-is-layout-flow\"><div class=\"wp-block-group__inner-container\"><\/div><\/div>\n\n\n\n<div style=\"height:50px\" aria-hidden=\"true\" class=\"wp-block-spacer\"><\/div>\n\n\n\n<p><\/p>\n\n\n\n<figure class=\"wp-block-gallery columns-3 is-cropped wp-block-gallery-1 is-layout-flex wp-block-gallery-is-layout-flex\"><ul class=\"blocks-gallery-grid\"><li class=\"blocks-gallery-item\"><figure><img loading=\"lazy\" decoding=\"async\" width=\"675\" height=\"900\" src=\"https:\/\/www.latouchedupeintre.fr\/wp-content\/uploads\/2020\/08\/Veronica-2003-Jacques-Berte\u0301-1.jpg\" alt=\"\" data-id=\"318\" data-full-url=\"https:\/\/www.latouchedupeintre.fr\/wp-content\/uploads\/2020\/08\/Veronica-2003-Jacques-Berte\u0301-1.jpg\" data-link=\"https:\/\/www.latouchedupeintre.fr\/commandes\/attachment\/veronica-2003-jacques-berte-1\/\" class=\"wp-image-318\" srcset=\"https:\/\/www.latouchedupeintre.fr\/wp-content\/uploads\/2020\/08\/Veronica-2003-Jacques-Berte\u0301-1.jpg 675w, https:\/\/www.latouchedupeintre.fr\/wp-content\/uploads\/2020\/08\/Veronica-2003-Jacques-Berte\u0301-1-225x300.jpg 225w\" sizes=\"auto, (max-width: 675px) 100vw, 675px\" \/><\/figure><\/li><li class=\"blocks-gallery-item\"><figure><img loading=\"lazy\" decoding=\"async\" width=\"658\" height=\"900\" src=\"https:\/\/www.latouchedupeintre.fr\/wp-content\/uploads\/2020\/08\/Berger-provenc\u0327al-Jacques-Berte\u0301-1.jpg\" alt=\"\" data-id=\"316\" data-full-url=\"https:\/\/www.latouchedupeintre.fr\/wp-content\/uploads\/2020\/08\/Berger-provenc\u0327al-Jacques-Berte\u0301-1.jpg\" data-link=\"https:\/\/www.latouchedupeintre.fr\/commandes\/attachment\/berger-provenc%cc%a7al-jacques-berte-1\/\" class=\"wp-image-316\" srcset=\"https:\/\/www.latouchedupeintre.fr\/wp-content\/uploads\/2020\/08\/Berger-provenc\u0327al-Jacques-Berte\u0301-1.jpg 658w, https:\/\/www.latouchedupeintre.fr\/wp-content\/uploads\/2020\/08\/Berger-provenc\u0327al-Jacques-Berte\u0301-1-219x300.jpg 219w\" sizes=\"auto, (max-width: 658px) 100vw, 658px\" \/><\/figure><\/li><li class=\"blocks-gallery-item\"><figure><img loading=\"lazy\" decoding=\"async\" width=\"675\" height=\"900\" src=\"https:\/\/www.latouchedupeintre.fr\/wp-content\/uploads\/2020\/08\/shiba-inu-Jacques-Berte\u0301.jpg\" alt=\"\" data-id=\"242\" data-full-url=\"https:\/\/www.latouchedupeintre.fr\/wp-content\/uploads\/2020\/08\/shiba-inu-Jacques-Berte\u0301.jpg\" data-link=\"https:\/\/www.latouchedupeintre.fr\/shiba-inu-jacques-berte\/\" class=\"wp-image-242\" srcset=\"https:\/\/www.latouchedupeintre.fr\/wp-content\/uploads\/2020\/08\/shiba-inu-Jacques-Berte\u0301.jpg 675w, https:\/\/www.latouchedupeintre.fr\/wp-content\/uploads\/2020\/08\/shiba-inu-Jacques-Berte\u0301-225x300.jpg 225w\" sizes=\"auto, (max-width: 675px) 100vw, 675px\" \/><\/figure><\/li><\/ul><\/figure>\n\n\n\n<figure class=\"wp-block-gallery columns-2 is-cropped wp-block-gallery-2 is-layout-flex wp-block-gallery-is-layout-flex\"><ul class=\"blocks-gallery-grid\"><li class=\"blocks-gallery-item\"><figure><img loading=\"lazy\" decoding=\"async\" width=\"900\" height=\"675\" src=\"https:\/\/www.latouchedupeintre.fr\/wp-content\/uploads\/2020\/08\/Champ-de-lavandes-Jacques-Berte\u0301-1.jpg\" alt=\"\" data-id=\"319\" data-full-url=\"https:\/\/www.latouchedupeintre.fr\/wp-content\/uploads\/2020\/08\/Champ-de-lavandes-Jacques-Berte\u0301-1.jpg\" data-link=\"https:\/\/www.latouchedupeintre.fr\/cake-lover\/attachment\/champ-de-lavandes-jacques-berte-1\/\" class=\"wp-image-319\" srcset=\"https:\/\/www.latouchedupeintre.fr\/wp-content\/uploads\/2020\/08\/Champ-de-lavandes-Jacques-Berte\u0301-1.jpg 900w, https:\/\/www.latouchedupeintre.fr\/wp-content\/uploads\/2020\/08\/Champ-de-lavandes-Jacques-Berte\u0301-1-300x225.jpg 300w, https:\/\/www.latouchedupeintre.fr\/wp-content\/uploads\/2020\/08\/Champ-de-lavandes-Jacques-Berte\u0301-1-768x576.jpg 768w\" sizes=\"auto, (max-width: 900px) 100vw, 900px\" \/><\/figure><\/li><li class=\"blocks-gallery-item\"><figure><img loading=\"lazy\" decoding=\"async\" width=\"900\" height=\"643\" src=\"https:\/\/www.latouchedupeintre.fr\/wp-content\/uploads\/2020\/08\/Christiane-et-Claude-Jacques-Berte\u0301-1.jpg\" alt=\"\" data-id=\"317\" data-full-url=\"https:\/\/www.latouchedupeintre.fr\/wp-content\/uploads\/2020\/08\/Christiane-et-Claude-Jacques-Berte\u0301-1.jpg\" data-link=\"https:\/\/www.latouchedupeintre.fr\/cake-lover\/attachment\/christiane-et-claude-jacques-berte-1\/\" class=\"wp-image-317\" srcset=\"https:\/\/www.latouchedupeintre.fr\/wp-content\/uploads\/2020\/08\/Christiane-et-Claude-Jacques-Berte\u0301-1.jpg 900w, https:\/\/www.latouchedupeintre.fr\/wp-content\/uploads\/2020\/08\/Christiane-et-Claude-Jacques-Berte\u0301-1-300x214.jpg 300w, https:\/\/www.latouchedupeintre.fr\/wp-content\/uploads\/2020\/08\/Christiane-et-Claude-Jacques-Berte\u0301-1-768x549.jpg 768w\" sizes=\"auto, (max-width: 900px) 100vw, 900px\" \/><\/figure><\/li><\/ul><\/figure>\n\n\n\n<div style=\"height:20px\" aria-hidden=\"true\" class=\"wp-block-spacer\"><\/div>\n\n\n\n<p class=\"has-text-align-center\"><em>Pour plus d&rsquo;informations concernant les techniques, les d\u00e9lais et les prix  merci de <a href=\"https:\/\/www.latouchedupeintre.fr\/en\/contact\/\">me contacter<\/a>. <\/em><\/p>\n\n\n\n<div style=\"height:50px\" aria-hidden=\"true\" class=\"wp-block-spacer\"><\/div>\n\n\n\n<div class=\"wp-block-buttons is-content-justification-center is-layout-flex wp-block-buttons-is-layout-flex\">\n<div class=\"wp-block-button is-style-fill\"><a class=\"wp-block-button__link has-background\" href=\"https:\/\/www.latouchedupeintre.fr\/en\/contact\/\" style=\"border-radius:6px;background-color:#689dde\">Contact<\/a><\/div>\n<\/div>\n\n\n\n<div style=\"height:25px\" aria-hidden=\"true\" class=\"wp-block-spacer\"><\/div>","protected":false},"excerpt":{"rendered":"<p>Pour plus d&rsquo;informations concernant les techniques, les d\u00e9lais et les prix merci de me contacter.<\/p>","protected":false},"author":1,"featured_media":0,"parent":0,"menu_order":0,"comment_status":"closed","ping_status":"closed","template":"","meta":{"footnotes":""},"class_list":["post-1008","page","type-page","status-publish","hentry"],"yoast_head":"<!-- This site is optimized with the Yoast SEO plugin v27.3 - https:\/\/yoast.com\/product\/yoast-seo-wordpress\/ -->\n<title>LA TOUCHE DU PEINTRE - Tableaux personnalis\u00e9s Jacques Bert\u00e9<\/title>\n<meta name=\"description\" content=\"Dans son atelier \u00e0 Maisons Laffitte, Jacques Bert\u00e9 r\u00e9alise pour vous des tableaux personnalis\u00e9s sur commande. Diff\u00e9rents formats et styles disponibles.\" \/>\n<meta name=\"robots\" content=\"index, follow, max-snippet:-1, max-image-preview:large, max-video-preview:-1\" \/>\n<link rel=\"canonical\" href=\"https:\/\/www.latouchedupeintre.fr\/en\/commandes\/\" \/>\n<meta property=\"og:locale\" content=\"en_GB\" \/>\n<meta property=\"og:type\" content=\"article\" \/>\n<meta property=\"og:title\" content=\"Atelier de peinture Jacques Bert\u00e9 - Commandes particuli\u00e8res\" \/>\n<meta property=\"og:description\" content=\"Offrez un cadeau original et unique : un tableau personnalis\u00e9. Je r\u00e9alise des portraits \u00e0 la demande pour des occasions sp\u00e9ciales et uniques. Faites r\u00e9aliser les portraits de ceux que vous aimez, de vos petits enfants, de vos amis, de votre animal de compagnie ... ou bien de votre demeure, de votre maison de campagne ou de votre maison de vacances. Me contacter pour plus d&#039;informations.\" \/>\n<meta property=\"og:url\" content=\"https:\/\/www.latouchedupeintre.fr\/en\/commandes\/\" \/>\n<meta property=\"og:site_name\" content=\"LA TOUCHE DU PEINTRE\" \/>\n<meta property=\"article:modified_time\" content=\"2021-04-14T12:48:10+00:00\" \/>\n<meta property=\"og:image\" content=\"https:\/\/www.latouchedupeintre.fr\/wp-content\/uploads\/2020\/11\/Petite-fille-au-lavoir-7.jpg\" \/>\n\t<meta property=\"og:image:width\" content=\"866\" \/>\n\t<meta property=\"og:image:height\" content=\"1154\" \/>\n\t<meta property=\"og:image:type\" content=\"image\/jpeg\" \/>\n<meta name=\"twitter:card\" content=\"summary_large_image\" \/>\n<meta name=\"twitter:label1\" content=\"Estimated reading time\" \/>\n\t<meta name=\"twitter:data1\" content=\"3 minutes\" \/>\n<script type=\"application\/ld+json\" class=\"yoast-schema-graph\">{\"@context\":\"https:\\\/\\\/schema.org\",\"@graph\":[{\"@type\":\"WebPage\",\"@id\":\"https:\\\/\\\/www.latouchedupeintre.fr\\\/commandes\\\/\",\"url\":\"https:\\\/\\\/www.latouchedupeintre.fr\\\/commandes\\\/\",\"name\":\"LA TOUCHE DU PEINTRE - Tableaux personnalis\u00e9s Jacques Bert\u00e9\",\"isPartOf\":{\"@id\":\"https:\\\/\\\/www.latouchedupeintre.fr\\\/#website\"},\"primaryImageOfPage\":{\"@id\":\"https:\\\/\\\/www.latouchedupeintre.fr\\\/commandes\\\/#primaryimage\"},\"image\":{\"@id\":\"https:\\\/\\\/www.latouchedupeintre.fr\\\/commandes\\\/#primaryimage\"},\"thumbnailUrl\":\"https:\\\/\\\/www.latouchedupeintre.fr\\\/wp-content\\\/uploads\\\/2020\\\/11\\\/Petite-fille-au-lavoir-1.jpg\",\"datePublished\":\"2020-11-27T14:02:50+00:00\",\"dateModified\":\"2021-04-14T12:48:10+00:00\",\"description\":\"Dans son atelier \u00e0 Maisons Laffitte, Jacques Bert\u00e9 r\u00e9alise pour vous des tableaux personnalis\u00e9s sur commande. Diff\u00e9rents formats et styles disponibles.\",\"breadcrumb\":{\"@id\":\"https:\\\/\\\/www.latouchedupeintre.fr\\\/commandes\\\/#breadcrumb\"},\"inLanguage\":\"en-GB\",\"potentialAction\":[{\"@type\":\"ReadAction\",\"target\":[\"https:\\\/\\\/www.latouchedupeintre.fr\\\/commandes\\\/\"]}]},{\"@type\":\"ImageObject\",\"inLanguage\":\"en-GB\",\"@id\":\"https:\\\/\\\/www.latouchedupeintre.fr\\\/commandes\\\/#primaryimage\",\"url\":\"https:\\\/\\\/www.latouchedupeintre.fr\\\/wp-content\\\/uploads\\\/2020\\\/11\\\/Petite-fille-au-lavoir-1.jpg\",\"contentUrl\":\"https:\\\/\\\/www.latouchedupeintre.fr\\\/wp-content\\\/uploads\\\/2020\\\/11\\\/Petite-fille-au-lavoir-1.jpg\"},{\"@type\":\"BreadcrumbList\",\"@id\":\"https:\\\/\\\/www.latouchedupeintre.fr\\\/commandes\\\/#breadcrumb\",\"itemListElement\":[{\"@type\":\"ListItem\",\"position\":1,\"name\":\"Accueil\",\"item\":\"https:\\\/\\\/www.latouchedupeintre.fr\\\/\"},{\"@type\":\"ListItem\",\"position\":2,\"name\":\"Commandes Particuli\u00e8res\"}]},{\"@type\":\"WebSite\",\"@id\":\"https:\\\/\\\/www.latouchedupeintre.fr\\\/#website\",\"url\":\"https:\\\/\\\/www.latouchedupeintre.fr\\\/\",\"name\":\"LA TOUCHE DU PEINTRE\",\"description\":\"Atelier de peinture Jacques Bert\u00e9\",\"publisher\":{\"@id\":\"https:\\\/\\\/www.latouchedupeintre.fr\\\/#\\\/schema\\\/person\\\/0c90291071658eca20914b6b7ad3fd71\"},\"potentialAction\":[{\"@type\":\"SearchAction\",\"target\":{\"@type\":\"EntryPoint\",\"urlTemplate\":\"https:\\\/\\\/www.latouchedupeintre.fr\\\/?s={search_term_string}\"},\"query-input\":{\"@type\":\"PropertyValueSpecification\",\"valueRequired\":true,\"valueName\":\"search_term_string\"}}],\"inLanguage\":\"en-GB\"},{\"@type\":[\"Person\",\"Organization\"],\"@id\":\"https:\\\/\\\/www.latouchedupeintre.fr\\\/#\\\/schema\\\/person\\\/0c90291071658eca20914b6b7ad3fd71\",\"name\":\"Jacques Bert\u00e9\",\"image\":{\"@type\":\"ImageObject\",\"inLanguage\":\"en-GB\",\"@id\":\"https:\\\/\\\/www.latouchedupeintre.fr\\\/wp-content\\\/uploads\\\/2020\\\/09\\\/cropped-latouchedupeintre-fb-icon-01.png\",\"url\":\"https:\\\/\\\/www.latouchedupeintre.fr\\\/wp-content\\\/uploads\\\/2020\\\/09\\\/cropped-latouchedupeintre-fb-icon-01.png\",\"contentUrl\":\"https:\\\/\\\/www.latouchedupeintre.fr\\\/wp-content\\\/uploads\\\/2020\\\/09\\\/cropped-latouchedupeintre-fb-icon-01.png\",\"width\":512,\"height\":512,\"caption\":\"Jacques Bert\u00e9\"},\"logo\":{\"@id\":\"https:\\\/\\\/www.latouchedupeintre.fr\\\/wp-content\\\/uploads\\\/2020\\\/09\\\/cropped-latouchedupeintre-fb-icon-01.png\"}}]}<\/script>\n<!-- \/ Yoast SEO plugin. -->","yoast_head_json":{"title":"LA TOUCHE DU PEINTRE - Tableaux personnalis\u00e9s Jacques Bert\u00e9","description":"Dans son atelier \u00e0 Maisons Laffitte, Jacques Bert\u00e9 r\u00e9alise pour vous des tableaux personnalis\u00e9s sur commande. Diff\u00e9rents formats et styles disponibles.","robots":{"index":"index","follow":"follow","max-snippet":"max-snippet:-1","max-image-preview":"max-image-preview:large","max-video-preview":"max-video-preview:-1"},"canonical":"https:\/\/www.latouchedupeintre.fr\/en\/commandes\/","og_locale":"en_GB","og_type":"article","og_title":"Atelier de peinture Jacques Bert\u00e9 - Commandes particuli\u00e8res","og_description":"Offrez un cadeau original et unique : un tableau personnalis\u00e9. Je r\u00e9alise des portraits \u00e0 la demande pour des occasions sp\u00e9ciales et uniques. Faites r\u00e9aliser les portraits de ceux que vous aimez, de vos petits enfants, de vos amis, de votre animal de compagnie ... ou bien de votre demeure, de votre maison de campagne ou de votre maison de vacances. Me contacter pour plus d'informations.","og_url":"https:\/\/www.latouchedupeintre.fr\/en\/commandes\/","og_site_name":"LA TOUCHE DU PEINTRE","article_modified_time":"2021-04-14T12:48:10+00:00","og_image":[{"width":866,"height":1154,"url":"https:\/\/www.latouchedupeintre.fr\/wp-content\/uploads\/2020\/11\/Petite-fille-au-lavoir-7.jpg","type":"image\/jpeg"}],"twitter_card":"summary_large_image","twitter_misc":{"Estimated reading time":"3 minutes"},"schema":{"@context":"https:\/\/schema.org","@graph":[{"@type":"WebPage","@id":"https:\/\/www.latouchedupeintre.fr\/commandes\/","url":"https:\/\/www.latouchedupeintre.fr\/commandes\/","name":"LA TOUCHE DU PEINTRE - Tableaux personnalis\u00e9s Jacques Bert\u00e9","isPartOf":{"@id":"https:\/\/www.latouchedupeintre.fr\/#website"},"primaryImageOfPage":{"@id":"https:\/\/www.latouchedupeintre.fr\/commandes\/#primaryimage"},"image":{"@id":"https:\/\/www.latouchedupeintre.fr\/commandes\/#primaryimage"},"thumbnailUrl":"https:\/\/www.latouchedupeintre.fr\/wp-content\/uploads\/2020\/11\/Petite-fille-au-lavoir-1.jpg","datePublished":"2020-11-27T14:02:50+00:00","dateModified":"2021-04-14T12:48:10+00:00","description":"Dans son atelier \u00e0 Maisons Laffitte, Jacques Bert\u00e9 r\u00e9alise pour vous des tableaux personnalis\u00e9s sur commande. Diff\u00e9rents formats et styles disponibles.","breadcrumb":{"@id":"https:\/\/www.latouchedupeintre.fr\/commandes\/#breadcrumb"},"inLanguage":"en-GB","potentialAction":[{"@type":"ReadAction","target":["https:\/\/www.latouchedupeintre.fr\/commandes\/"]}]},{"@type":"ImageObject","inLanguage":"en-GB","@id":"https:\/\/www.latouchedupeintre.fr\/commandes\/#primaryimage","url":"https:\/\/www.latouchedupeintre.fr\/wp-content\/uploads\/2020\/11\/Petite-fille-au-lavoir-1.jpg","contentUrl":"https:\/\/www.latouchedupeintre.fr\/wp-content\/uploads\/2020\/11\/Petite-fille-au-lavoir-1.jpg"},{"@type":"BreadcrumbList","@id":"https:\/\/www.latouchedupeintre.fr\/commandes\/#breadcrumb","itemListElement":[{"@type":"ListItem","position":1,"name":"Accueil","item":"https:\/\/www.latouchedupeintre.fr\/"},{"@type":"ListItem","position":2,"name":"Commandes Particuli\u00e8res"}]},{"@type":"WebSite","@id":"https:\/\/www.latouchedupeintre.fr\/#website","url":"https:\/\/www.latouchedupeintre.fr\/","name":"LA TOUCHE DU PEINTRE","description":"Atelier de peinture Jacques Bert\u00e9","publisher":{"@id":"https:\/\/www.latouchedupeintre.fr\/#\/schema\/person\/0c90291071658eca20914b6b7ad3fd71"},"potentialAction":[{"@type":"SearchAction","target":{"@type":"EntryPoint","urlTemplate":"https:\/\/www.latouchedupeintre.fr\/?s={search_term_string}"},"query-input":{"@type":"PropertyValueSpecification","valueRequired":true,"valueName":"search_term_string"}}],"inLanguage":"en-GB"},{"@type":["Person","Organization"],"@id":"https:\/\/www.latouchedupeintre.fr\/#\/schema\/person\/0c90291071658eca20914b6b7ad3fd71","name":"Jacques Bert\u00e9","image":{"@type":"ImageObject","inLanguage":"en-GB","@id":"https:\/\/www.latouchedupeintre.fr\/wp-content\/uploads\/2020\/09\/cropped-latouchedupeintre-fb-icon-01.png","url":"https:\/\/www.latouchedupeintre.fr\/wp-content\/uploads\/2020\/09\/cropped-latouchedupeintre-fb-icon-01.png","contentUrl":"https:\/\/www.latouchedupeintre.fr\/wp-content\/uploads\/2020\/09\/cropped-latouchedupeintre-fb-icon-01.png","width":512,"height":512,"caption":"Jacques Bert\u00e9"},"logo":{"@id":"https:\/\/www.latouchedupeintre.fr\/wp-content\/uploads\/2020\/09\/cropped-latouchedupeintre-fb-icon-01.png"}}]}},"_links":{"self":[{"href":"https:\/\/www.latouchedupeintre.fr\/en\/wp-json\/wp\/v2\/pages\/1008","targetHints":{"allow":["GET"]}}],"collection":[{"href":"https:\/\/www.latouchedupeintre.fr\/en\/wp-json\/wp\/v2\/pages"}],"about":[{"href":"https:\/\/www.latouchedupeintre.fr\/en\/wp-json\/wp\/v2\/types\/page"}],"author":[{"embeddable":true,"href":"https:\/\/www.latouchedupeintre.fr\/en\/wp-json\/wp\/v2\/users\/1"}],"replies":[{"embeddable":true,"href":"https:\/\/www.latouchedupeintre.fr\/en\/wp-json\/wp\/v2\/comments?post=1008"}],"version-history":[{"count":38,"href":"https:\/\/www.latouchedupeintre.fr\/en\/wp-json\/wp\/v2\/pages\/1008\/revisions"}],"predecessor-version":[{"id":1089,"href":"https:\/\/www.latouchedupeintre.fr\/en\/wp-json\/wp\/v2\/pages\/1008\/revisions\/1089"}],"wp:attachment":[{"href":"https:\/\/www.latouchedupeintre.fr\/en\/wp-json\/wp\/v2\/media?parent=1008"}],"curies":[{"name":"wp","href":"https:\/\/api.w.org\/{rel}","templated":true}]}}